{"id":18,"date":"2023-02-08T09:11:55","date_gmt":"2023-02-08T14:11:55","guid":{"rendered":"https:\/\/ealdormere.ca\/spring-coronation\/?page_id=18"},"modified":"2023-04-25T12:46:23","modified_gmt":"2023-04-25T16:46:23","slug":"welcome","status":"publish","type":"page","link":"https:\/\/ealdormere.ca\/spring-coronation\/","title":{"rendered":"Welcome!"},"content":{"rendered":"\n<p>Feast, drink, and be merry while enjoying the most wondrous Great Hall experience!! Please join us in celebration of the Coronation of Steinarr and Margraig.<\/p>\n\n\n\n<p>There will be a momentous display of the arts and sciences with prizes at the <a href=\"https:\/\/ealdormere.ca\/spring-coronation\/hedeby-trade-exhibition\/\" data-type=\"page\" data-id=\"63\">Hedeby Trade Exhibition<\/a> celebrating the geographic and cultural diversity of \u2018Viking\u2019 expansion. Please bring your talents to the show.<\/p>\n\n\n\n<p>There will be a children&#8217;s activities area as well as opportunities to assist with lighting up the Great Hall and serving feast throughout the day.<\/p>\n\n\n\n<p>Weather permitting, there will be marshal activities, midafternoon in the great outdoors. Please bring your toys for fencing, armored combat, and thrown weapons out for some practice time.<\/p>\n\n\n\n<p>No pets, please.<\/p>\n\n\n\n<p>Location: <a rel=\"noreferrer noopener\" href=\"https:\/\/goo.gl\/maps\/XwrcKdruRCZthKUC9\" target=\"_blank\">1240 Concession Rd 6, Tiverton ON<\/a> (Underwood)<\/p>\n\n\n\n<p>Time: Saturday, April 29, 2023 9 AM \u2013 7 PM<\/p>\n\n\n\n<p>Hosted in the <a href=\"https:\/\/ealdormere.ca\/barony-of-ramshaven\/\" target=\"_blank\" rel=\"noreferrer noopener\">Barony of Ramshaven<\/a>, by the <a href=\"https:\/\/ealdormere.ca\/barony-of-ramshaven\/the-barony\/canton-of-northgeatham\/\" target=\"_blank\" rel=\"noreferrer noopener\">Canton of Northgeatham<\/a><\/p>\n\n\n\n<p><a href=\"https:\/\/www.facebook.com\/events\/570582684991559\">Facebook Page<\/a><\/p>\n\n\n\n<h3 class=\"wp-block-heading\"><strong>Fees<\/strong><\/h3>\n\n\n\n<p>Entrance fee for the day including feast is $35 per adult<br>$30 for members<br>17 and under free<\/p>\n\n\n\n<h3 class=\"wp-block-heading\">All Day Feast <\/h3>\n\n\n\n<figure class=\"wp-block-image size-large\"><img loading=\"lazy\" decoding=\"async\" width=\"711\" height=\"1024\" src=\"https:\/\/ealdormere.ca\/spring-coronation\/wp-content\/uploads\/sites\/14\/2023\/03\/menu-711x1024.jpg\" alt=\"\" class=\"wp-image-95\" srcset=\"https:\/\/ealdormere.ca\/spring-coronation\/wp-content\/uploads\/sites\/14\/2023\/03\/menu-711x1024.jpg 711w, https:\/\/ealdormere.ca\/spring-coronation\/wp-content\/uploads\/sites\/14\/2023\/03\/menu-208x300.jpg 208w, https:\/\/ealdormere.ca\/spring-coronation\/wp-content\/uploads\/sites\/14\/2023\/03\/menu-768x1106.jpg 768w, https:\/\/ealdormere.ca\/spring-coronation\/wp-content\/uploads\/sites\/14\/2023\/03\/menu-1067x1536.jpg 1067w, https:\/\/ealdormere.ca\/spring-coronation\/wp-content\/uploads\/sites\/14\/2023\/03\/menu-1422x2048.jpg 1422w, https:\/\/ealdormere.ca\/spring-coronation\/wp-content\/uploads\/sites\/14\/2023\/03\/menu-scaled.jpg 1778w\" sizes=\"auto, (max-width: 711px) 100vw, 711px\" \/><\/figure>\n\n\n\n<p><a href=\"https:\/\/ealdormere.ca\/spring-coronation\/ingredients-list\/\" data-type=\"page\" data-id=\"124\">A complete list of ingredients can be found here.<\/a><\/p>\n\n\n\n<p>Please reserve in advance with <strong>C<\/strong>hristiana Mundegumry (<a href=\"mailto:christianagalbraith@gmail.com\" target=\"_blank\" rel=\"noreferrer noopener\">christianagalbraith@gmail.com<\/a>). This helps us determine how much food we need to make!<\/p>\n\n\n\n<p>There will also be a banquet table with a few different things brought out throughout the day that are not on the menu. Samples include: <\/p>\n\n\n\n<figure class=\"wp-block-image size-full\"><img loading=\"lazy\" decoding=\"async\" width=\"399\" height=\"502\" src=\"https:\/\/ealdormere.ca\/spring-coronation\/wp-content\/uploads\/sites\/14\/2023\/04\/buffet.jpg\" alt=\"\" class=\"wp-image-150\" srcset=\"https:\/\/ealdormere.ca\/spring-coronation\/wp-content\/uploads\/sites\/14\/2023\/04\/buffet.jpg 399w, https:\/\/ealdormere.ca\/spring-coronation\/wp-content\/uploads\/sites\/14\/2023\/04\/buffet-238x300.jpg 238w\" sizes=\"auto, (max-width: 399px) 100vw, 399px\" \/><\/figure>\n\n\n\n<p><strong>Bar:<\/strong> An assortment of alcoholic and non-alcoholic beverages will be available for purchase. <a href=\"https:\/\/ealdormere.ca\/spring-coronation\/beverages\/\" data-type=\"page\" data-id=\"134\">A list of beverages can be found here.<\/a><\/p>\n\n\n\n<h3 class=\"wp-block-heading\"><strong>Activities<\/strong><\/h3>\n\n\n\n<p>The Coronation Ceremony will be held indoors and is based around a Norse Feast Celebration in a Great Hall setting. All guests are invited to sit feast and enjoy the ceremony and court. The hall will be candlelit and decorated with banners and tapestries. You are encouraged to bring additional candles for your spot in the feast hall. Fire is permitted (and encouraged) so long as it is safely contained. <\/p>\n\n\n\n<p>During the feast, a variety of entertainment will be provided in the form of Music, Dance and Storytelling. <\/p>\n\n\n\n<h3 class=\"wp-block-heading\"><strong>Schedule<\/strong><\/h3>\n\n\n\n<ul class=\"wp-block-list\"><li>Hall opens at 9am<\/li><li>Wandering, socializing, and entertaining are encouraged throughout the event.<\/li><li>Coffee and Tea available at the bar. Donations welcome.<\/li><li>Cash bar open<\/li><li>A&amp;S Participants please set up your displays before 10am<\/li><li>10:45 am: Queen Kayla V and King Trumbrand V will hold Their final court.<\/li><li>Please choose a seat in front of the Thrones.<\/li><li>Morning court concludes<\/li><li>Populace, please take your chairs to your assigned table, light your candles if you brought one (there will be candles provided), and set up your feast gear for the Great Hall experience.<\/li><li>Crowning Ceremony: HRH Steinarr and HRH Margraig take up the Crowns, becoming Majesties of Ealdormere<\/li><li>Feast begins!<\/li><li>Bringing out Banquet table dishes (for back of Hall) Approx 12:00<\/li><li>Note that all are welcome to snack from the Tasting Table. Some dishes will be the same as what is being served for feast and some dishes are dietary friendly, and some dishes are a creation of whim.<\/li><li>Ramshaven Court<\/li><li>Mid afternoon: Marshal activities in the form of practice, weather permitting.<\/li><li>A&amp;S display winners to be announced, prizes presented<\/li><li>Largesse and gifts to be presented in court<\/li><li>Hall closes at 7pm<\/li><\/ul>\n\n\n\n<h3 class=\"wp-block-heading\"><strong>Merchants<\/strong><\/h3>\n\n\n\n<p>Cellar Horde, Full Moon Mercantile, Needle Works by Florence ,and Magdalaina&#8217;s Jewels.<\/p>\n\n\n\n<h3 class=\"wp-block-heading\"><strong>Event Staff<\/strong><\/h3>\n\n\n\n<p><strong>Court Herald:<\/strong> D\u00f9ghlas M\u00f3r Mac S\u00e9amus<br>If you have questions about court business, please contact <a rel=\"noreferrer noopener\" href=\"mailto:corbiecaller@gmail.com\" target=\"_blank\">S\u00e9amus <\/a>(corbiecaller@gmail.com)<\/p>\n\n\n\n<p><strong>Troll:<\/strong> <a rel=\"noreferrer noopener\" href=\"mailto:trweirmeir@gmail.com\" target=\"_blank\">Wulfwynne<\/a> (trweirmeir@gmail.com) of the Blackwood and Anne du Lac<\/p>\n\n\n\n<p><strong>Feast Warriors: <\/strong>Cheddar de Brie and Christiana Mundegumry<br><strong>Reservations<\/strong> to <a rel=\"noreferrer noopener\" href=\"mailto:christianagalbraith@gmail.com\" target=\"_blank\">Christiana Mundegumry<\/a> (christianagalbraith@gmail.com)<\/p>\n\n\n\n<p><strong>Bar:<\/strong> <a href=\"mailto:mark.pasley@gmail.com\" target=\"_blank\" rel=\"noreferrer noopener\">Penda of Glindemere<\/a> (mark.pasley@gmail.com)<\/p>\n\n\n\n<p><strong>Head Server:<\/strong> <a href=\"mailto:rozigalea@gmail.com\" target=\"_blank\" rel=\"noreferrer noopener\">Rozi Galea<\/a> (rozigalea@gmail.com)<br>If you wish to help serve feast or your children would like to take part in being &#8220;children of the light&#8221; please register with Rozi.<\/p>\n\n\n\n<p><strong>Master of Ceremonies :<\/strong> <a rel=\"noreferrer noopener\" href=\"mailto:shawnjoh@hotmail.com\" target=\"_blank\">Robyn Whystler<\/a> (shawnjoh@hotmail.com)<br>If you wish to perform in the Great Hall, please inform Robyn and he will ensure you are heard.<\/p>\n\n\n\n<p><strong>Wranglers of the A&amp;S display:<\/strong> Aslief of Ramshaven and Henry Foster<br>If you would like to participate with your work, largesse, or project unfinished, please do so.<br><strong>Reservations:<\/strong> <a href=\"mailto:henryandbrigit@gmail.com\" target=\"_blank\" rel=\"noreferrer noopener\">henryandbrigit@gmail.com<\/a><\/p>\n\n\n\n<p><strong>Autocrat:<\/strong> <a rel=\"noreferrer noopener\" href=\"mailto:tamara.pasley@gmail.com\" target=\"_blank\">Sibylla of Glyndmere <\/a>(tamara.pasley@gmail.com)<\/p>\n\n\n\n<p><strong>Co-autocrat\/Great Hall transformer: <\/strong><a href=\"mailto:trweirmeir@gmail.com\">Wulfric of the Blackwood<\/a> (trweirmeir@gmail.com)<br>If you would like to help moving things around, please contact Wulfric.<\/p>\n\n\n\n<p><br><\/p>\n\n\n\n<p><\/p>\n\n\n\n<p><\/p>\n\n\n\n<p><\/p>\n\n\n\n<p><\/p>\n\n\n\n<p><\/p>\n","protected":false},"excerpt":{"rendered":"<p>Feast, drink, and be merry while enjoying the most wondrous Great Hall experience!! Please join us in celebration of the Coronation of Steinarr and Margraig.&hellip;<\/p>\n","protected":false},"author":6,"featured_media":0,"parent":0,"menu_order":0,"comment_status":"closed","ping_status":"closed","template":"","meta":{"inline_featured_image":false,"footnotes":""},"class_list":["post-18","page","type-page","status-publish","hentry"],"_links":{"self":[{"href":"https:\/\/ealdormere.ca\/spring-coronation\/wp-json\/wp\/v2\/pages\/18","targetHints":{"allow":["GET"]}}],"collection":[{"href":"https:\/\/ealdormere.ca\/spring-coronation\/wp-json\/wp\/v2\/pages"}],"about":[{"href":"https:\/\/ealdormere.ca\/spring-coronation\/wp-json\/wp\/v2\/types\/page"}],"author":[{"embeddable":true,"href":"https:\/\/ealdormere.ca\/spring-coronation\/wp-json\/wp\/v2\/users\/6"}],"replies":[{"embeddable":true,"href":"https:\/\/ealdormere.ca\/spring-coronation\/wp-json\/wp\/v2\/comments?post=18"}],"version-history":[{"count":72,"href":"https:\/\/ealdormere.ca\/spring-coronation\/wp-json\/wp\/v2\/pages\/18\/revisions"}],"predecessor-version":[{"id":158,"href":"https:\/\/ealdormere.ca\/spring-coronation\/wp-json\/wp\/v2\/pages\/18\/revisions\/158"}],"wp:attachment":[{"href":"https:\/\/ealdormere.ca\/spring-coronation\/wp-json\/wp\/v2\/media?parent=18"}],"curies":[{"name":"wp","href":"https:\/\/api.w.org\/{rel}","templated":true}]}}